{"id":6134,"date":"2023-07-31T17:44:05","date_gmt":"2023-07-31T15:44:05","guid":{"rendered":"https:\/\/pintalis.com\/contact\/"},"modified":"2026-02-23T10:54:42","modified_gmt":"2026-02-23T09:54:42","slug":"contact","status":"publish","type":"page","link":"https:\/\/pintalis.com\/en\/contact\/","title":{"rendered":"Contact"},"content":{"rendered":"\t\t<div data-elementor-type=\"wp-page\" data-elementor-id=\"6134\" class=\"elementor elementor-6134 elementor-25\">\n\t\t\t\t\t\t<section class=\"elementor-section elementor-top-section elementor-element elementor-element-04e3cb1 elementor-section-full_width elementor-section-content-middle elementor-section-stretched elementor-section-height-full elementor-section-height-default elementor-section-items-middle jltma-glass-effect-no\" data-id=\"04e3cb1\" data-element_type=\"section\" data-settings=\"{&quot;stretch_section&quot;:&quot;section-stretched&quot;,&quot;background_background&quot;:&quot;classic&quot;}\">\n\t\t\t\t\t\t<div class=\"elementor-container elementor-column-gap-default\">\n\t\t\t\t\t<div class=\"elementor-column elementor-col-50 elementor-top-column elementor-element elementor-element-da5d8eb jltma-glass-effect-no\" data-id=\"da5d8eb\" data-element_type=\"column\">\n\t\t\t<div class=\"elementor-widget-wrap elementor-element-populated\">\n\t\t\t\t\t\t<div class=\"elementor-element elementor-element-5d0c91c jltma-glass-effect-no elementor-widget elementor-widget-image\" data-id=\"5d0c91c\" data-element_type=\"widget\" data-widget_type=\"image.default\">\n\t\t\t\t<div class=\"elementor-widget-container\">\n\t\t\t\t\t\t\t\t\t\t\t\t\t\t\t<img fetchpriority=\"high\" decoding=\"async\" width=\"1024\" height=\"1024\" src=\"https:\/\/pintalis.com\/wp-content\/uploads\/2024\/11\/pintalis-artists-team-1024x1024.jpg\" class=\"attachment-large size-large wp-image-5805\" alt=\"Equipo artistas Pintalis\" srcset=\"https:\/\/pintalis.com\/wp-content\/uploads\/2024\/11\/pintalis-artists-team-1024x1024.jpg 1024w, https:\/\/pintalis.com\/wp-content\/uploads\/2024\/11\/pintalis-artists-team-300x300.jpg 300w, https:\/\/pintalis.com\/wp-content\/uploads\/2024\/11\/pintalis-artists-team-150x150.jpg 150w, https:\/\/pintalis.com\/wp-content\/uploads\/2024\/11\/pintalis-artists-team-768x768.jpg 768w, https:\/\/pintalis.com\/wp-content\/uploads\/2024\/11\/pintalis-artists-team-1536x1536.jpg 1536w, https:\/\/pintalis.com\/wp-content\/uploads\/2024\/11\/pintalis-artists-team-2048x2048.jpg 2048w, https:\/\/pintalis.com\/wp-content\/uploads\/2024\/11\/pintalis-artists-team-600x600.jpg 600w, https:\/\/pintalis.com\/wp-content\/uploads\/2024\/11\/pintalis-artists-team-100x100.jpg 100w\" sizes=\"(max-width: 1024px) 100vw, 1024px\" \/>\t\t\t\t\t\t\t\t\t\t\t\t\t\t\t<\/div>\n\t\t\t\t<\/div>\n\t\t\t\t\t<\/div>\n\t\t<\/div>\n\t\t\t\t<div class=\"elementor-column elementor-col-50 elementor-top-column elementor-element elementor-element-5b4d113 jltma-glass-effect-no\" data-id=\"5b4d113\" data-element_type=\"column\">\n\t\t\t<div class=\"elementor-widget-wrap elementor-element-populated\">\n\t\t\t\t\t\t<div class=\"elementor-element elementor-element-e74d644 jltma-glass-effect-no elementor-widget elementor-widget-heading\" data-id=\"e74d644\" data-element_type=\"widget\" data-widget_type=\"heading.default\">\n\t\t\t\t<div class=\"elementor-widget-container\">\n\t\t\t\t\t<h1 class=\"elementor-heading-title elementor-size-default\">Say hello!<\/h1>\t\t\t\t<\/div>\n\t\t\t\t<\/div>\n\t\t\t\t<div class=\"elementor-element elementor-element-9dafa4b jltma-glass-effect-no elementor-widget elementor-widget-text-editor\" data-id=\"9dafa4b\" data-element_type=\"widget\" data-widget_type=\"text-editor.default\">\n\t\t\t\t<div class=\"elementor-widget-container\">\n\t\t\t\t\t\t\t\t\t<h3>Tell us your idea and we will contact you as soon as possible.<\/h3>\n<p>Whether you are interested in our <a href=\"https:\/\/pintalis.com\/team-building-graffiti\">Graffiti Team Building<\/a> or our <a href=\"https:\/\/pintalis.com\/en\/mural-painting\/\">Mural Painting<\/a> and <a href=\"https:\/\/pintalis.com\/en\/professional-graffiti\/\">Professional Graffiti<\/a> services, it will be a pleasure to help you decorate spaces or create unforgettable events.<\/p>\t\t\t\t\t\t\t\t<\/div>\n\t\t\t\t<\/div>\n\t\t\t\t<div class=\"elementor-element elementor-element-8242ac1 jltma-glass-effect-no elementor-widget elementor-widget-html\" data-id=\"8242ac1\" data-element_type=\"widget\" data-widget_type=\"html.default\">\n\t\t\t\t<div class=\"elementor-widget-container\">\n\t\t\t\t\t<!-- Begin Brevo Form -->\n<!-- START - We recommend to place the below code in head tag of your website html  -->\n<style>\n  @font-face {\n    font-display: block;\n    font-family: Roboto;\n    src: url(https:\/\/assets.brevo.com\/font\/Roboto\/Latin\/normal\/normal\/7529907e9eaf8ebb5220c5f9850e3811.woff2) format(\"woff2\"), url(https:\/\/assets.brevo.com\/font\/Roboto\/Latin\/normal\/normal\/25c678feafdc175a70922a116c9be3e7.woff) format(\"woff\")\n  }\n\n  @font-face {\n    font-display: fallback;\n    font-family: Roboto;\n    font-weight: 600;\n    src: url(https:\/\/assets.brevo.com\/font\/Roboto\/Latin\/medium\/normal\/6e9caeeafb1f3491be3e32744bc30440.woff2) format(\"woff2\"), url(https:\/\/assets.brevo.com\/font\/Roboto\/Latin\/medium\/normal\/71501f0d8d5aa95960f6475d5487d4c2.woff) format(\"woff\")\n  }\n\n  @font-face {\n    font-display: fallback;\n    font-family: Roboto;\n    font-weight: 700;\n    src: url(https:\/\/assets.brevo.com\/font\/Roboto\/Latin\/bold\/normal\/3ef7cf158f310cf752d5ad08cd0e7e60.woff2) format(\"woff2\"), url(https:\/\/assets.brevo.com\/font\/Roboto\/Latin\/bold\/normal\/ece3a1d82f18b60bcce0211725c476aa.woff) format(\"woff\")\n  }\n\n  #sib-container input:-ms-input-placeholder {\n    text-align: left;\n    font-family: Helvetica, sans-serif;\n    color: #c0ccda;\n  }\n\n  #sib-container input::placeholder {\n    text-align: left;\n    font-family: Helvetica, sans-serif;\n    color: #c0ccda;\n  }\n\n  #sib-container textarea::placeholder {\n    text-align: left;\n    font-family: Helvetica, sans-serif;\n    color: #c0ccda;\n  }\n\n  #sib-container a {\n    text-decoration: underline;\n    color: #ff9e9e;\n  }\n<\/style>\n<link rel=\"stylesheet\" href=\"https:\/\/sibforms.com\/forms\/end-form\/build\/sib-styles.css\">\n<!--  END - We recommend to place the above code in head tag of your website html -->\n\n<!-- START - We recommend to place the below code where you want the form in your website html  -->\n<div class=\"sib-form\" style=\"text-align: center;\n         background-color: transparent;                                 \">\n  <div id=\"sib-form-container\" class=\"sib-form-container\">\n    <div id=\"error-message\" class=\"sib-form-message-panel\" style=\"font-size:16px; text-align:left; font-family:Helvetica, sans-serif; color:#661d1d; background-color:#ffeded; border-radius:3px; border-color:#ff4949;max-width:540px;\">\n      <div class=\"sib-form-message-panel__text sib-form-message-panel__text--center\">\n        <svg viewBox=\"0 0 512 512\" class=\"sib-icon sib-notification__icon\">\n          <path d=\"M256 40c118.621 0 216 96.075 216 216 0 119.291-96.61 216-216 216-119.244 0-216-96.562-216-216 0-119.203 96.602-216 216-216m0-32C119.043 8 8 119.083 8 256c0 136.997 111.043 248 248 248s248-111.003 248-248C504 119.083 392.957 8 256 8zm-11.49 120h22.979c6.823 0 12.274 5.682 11.99 12.5l-7 168c-.268 6.428-5.556 11.5-11.99 11.5h-8.979c-6.433 0-11.722-5.073-11.99-11.5l-7-168c-.283-6.818 5.167-12.5 11.99-12.5zM256 340c-15.464 0-28 12.536-28 28s12.536 28 28 28 28-12.536 28-28-12.536-28-28-28z\" \/>\n        <\/svg>\n        <span class=\"sib-form-message-panel__inner-text\">\n                          No hemos podido validar su suscripci\u00f3n.\n                      <\/span>\n      <\/div>\n    <\/div>\n    <div><\/div>\n    <div id=\"success-message\" class=\"sib-form-message-panel\" style=\"font-size:16px; text-align:left; font-family:Helvetica, sans-serif; color:#085229; background-color:#e7faf0; border-radius:3px; border-color:#13ce66;max-width:540px;\">\n      <div class=\"sib-form-message-panel__text sib-form-message-panel__text--center\">\n        <svg viewBox=\"0 0 512 512\" class=\"sib-icon sib-notification__icon\">\n          <path d=\"M256 8C119.033 8 8 119.033 8 256s111.033 248 248 248 248-111.033 248-248S392.967 8 256 8zm0 464c-118.664 0-216-96.055-216-216 0-118.663 96.055-216 216-216 118.664 0 216 96.055 216 216 0 118.663-96.055 216-216 216zm141.63-274.961L217.15 376.071c-4.705 4.667-12.303 4.637-16.97-.068l-85.878-86.572c-4.667-4.705-4.637-12.303.068-16.97l8.52-8.451c4.705-4.667 12.303-4.637 16.97.068l68.976 69.533 163.441-162.13c4.705-4.667 12.303-4.637 16.97.068l8.451 8.52c4.668 4.705 4.637 12.303-.068 16.97z\" \/>\n        <\/svg>\n        <span class=\"sib-form-message-panel__inner-text\">\n                          Se ha realizado su suscripci\u00f3n.\n                      <\/span>\n      <\/div>\n    <\/div>\n    <div><\/div>\n    <div id=\"sib-container\" class=\"sib-container--large sib-container--horizontal\" style=\"text-align:center; background-color:#fffbdc; max-width:540px; border-radius:12px; border-width:0px; border-color:#C0CCD9; border-style:solid; direction:ltr\">\n      <form id=\"sib-form\" method=\"POST\" action=\"https:\/\/18c9175e.sibforms.com\/serve\/MUIFAET_es3unMSBMwJAzy3FlKhCrc79pGIAeNTFgmUWtdN1Dkd6thNsDyFqZCilylh8Wn8U6OTjjVbe8w1WY867vcKA30u4801xnDXeQYlS3ZBVQfX8Yh3GmCSsJFrSdHLKBk0_BT0xVOOCEYsdJMjaeq8uJEkfDtQcvsI3a9MtptyVxvYfLCP0wdCMe295pxv2uEiSFbaFAQg4\" data-type=\"subscription\">\n        <div style=\"padding: px 0;\">\n          <div class=\"sib-input sib-form-block\">\n            <div class=\"form__entry entry_block\">\n              <div class=\"form__label-row form__label-row--horizontal\">\n\n                <div class=\"entry__field\">\n                  <input class=\"input \" maxlength=\"200\" type=\"text\" id=\"NOMBRE\" name=\"NOMBRE\" autocomplete=\"off\" placeholder=\"NAME\" data-required=\"true\" required \/>\n                <\/div>\n              <\/div>\n\n              <label class=\"entry__error entry__error--primary\" style=\"font-size:16px; text-align:left; font-family:Helvetica, sans-serif; color:#661d1d; background-color:#ffeded; border-radius:3px; border-color:#ff4949;\">\n              <\/label>\n            <\/div>\n          <\/div>\n        <\/div>\n        <div style=\"padding: px 0;\">\n          <div class=\"sib-input sib-form-block\">\n            <div class=\"form__entry entry_block\">\n              <div class=\"form__label-row form__label-row--horizontal\">\n\n                <div class=\"entry__field\">\n                  <input class=\"input \" type=\"text\" id=\"EMAIL\" name=\"EMAIL\" autocomplete=\"off\" placeholder=\"EMAIL\" data-required=\"true\" required \/>\n                <\/div>\n              <\/div>\n\n              <label class=\"entry__error entry__error--primary\" style=\"font-size:16px; text-align:left; font-family:Helvetica, sans-serif; color:#661d1d; background-color:#ffeded; border-radius:3px; border-color:#ff4949;\">\n              <\/label>\n            <\/div>\n          <\/div>\n        <\/div>\n        <div style=\"padding: px 0;\">\n          <div class=\"sib-input sib-form-block\">\n            <div class=\"form__entry entry_block\">\n              <div class=\"form__label-row form__label-row--horizontal\">\n\n                <div class=\"entry__field\">\n                  <input class=\"input \" maxlength=\"200\" type=\"text\" id=\"PHONE\" name=\"PHONE\" autocomplete=\"off\" placeholder=\"WHATSAPP\" data-required=\"true\" required \/>\n                <\/div>\n              <\/div>\n\n              <label class=\"entry__error entry__error--primary\" style=\"font-size:16px; text-align:left; font-family:Helvetica, sans-serif; color:#661d1d; background-color:#ffeded; border-radius:3px; border-color:#ff4949;\">\n              <\/label>\n            <\/div>\n          <\/div>\n        <\/div>\n        <div style=\"padding: px 0;\">\n          <div class=\"sib-optin sib-form-block\" data-required=\"true\">\n            <div class=\"form__entry entry_mcq\">\n              <div class=\"form__label-row form__label-row--horizontal\">\n                <div class=\"entry__choice\" style=\"\">\n                  <label>\n                    <input type=\"checkbox\" class=\"input_replaced\" value=\"1\" id=\"OPT_IN\" name=\"OPT_IN\" required \/>\n                    <span class=\"checkbox checkbox_tick_positive\"\n            style=\"margin-left:\"\n            ><\/span><span style=\"font-size:14px; text-align:left; font-family:Helvetica, sans-serif; color:#001beb; background-color:transparent;\"><p>I have read and accept <a href=\"https:\/\/pintalis.com\/politica-de-privacidad\/\" target=\"_blank\">the Privacy Policy<\/a><strong> &nbsp;<\/strong><\/p><span data-required=\"*\" style=\"display: inline;\" class=\"entry__label entry__label_optin\"><\/span><\/span> <\/label>\n                <\/div>\n              <\/div>\n              <label class=\"entry__error entry__error--primary\" style=\"font-size:16px; text-align:left; font-family:Helvetica, sans-serif; color:#661d1d; background-color:#ffeded; border-radius:3px; border-color:#ff4949;\">\n              <\/label>\n            <\/div>\n          <\/div>\n        <\/div>\n        <div style=\"padding: px 0;\">\n          <div class=\"sib-form-block\" style=\"text-align: center\">\n            <button class=\"sib-form-block__button sib-form-block__button-with-loader\" style=\"font-size:18px; text-align:center; font-weight:700; font-family:Helvetica, sans-serif; color:#ffffff; background-color:#ff9e9e; border-radius:3px; border-width:0px;\" form=\"sib-form\" type=\"submit\">\n              <svg class=\"icon clickable__icon progress-indicator__icon sib-hide-loader-icon\" viewBox=\"0 0 512 512\" style=\"\">\n                <path d=\"M460.116 373.846l-20.823-12.022c-5.541-3.199-7.54-10.159-4.663-15.874 30.137-59.886 28.343-131.652-5.386-189.946-33.641-58.394-94.896-95.833-161.827-99.676C261.028 55.961 256 50.751 256 44.352V20.309c0-6.904 5.808-12.337 12.703-11.982 83.556 4.306 160.163 50.864 202.11 123.677 42.063 72.696 44.079 162.316 6.031 236.832-3.14 6.148-10.75 8.461-16.728 5.01z\" \/>\n              <\/svg>\n              Send\n            <\/button>\n          <\/div>\n        <\/div>\n\n        <input type=\"text\" name=\"email_address_check\" value=\"\" class=\"input--hidden\">\n        <input type=\"hidden\" name=\"locale\" value=\"es\">\n      <\/form>\n    <\/div>\n  <\/div>\n<\/div>\n<!-- END - We recommend to place the above code where you want the form in your website html  -->\n\n<!-- START - We recommend to place the below code in footer or bottom of your website html  -->\n<script>\n  window.REQUIRED_CODE_ERROR_MESSAGE = 'Elija un c\u00f3digo de pa\u00eds';\n  window.LOCALE = 'es';\n  window.EMAIL_INVALID_MESSAGE = window.SMS_INVALID_MESSAGE = \"La informaci\u00f3n que ha proporcionado no es v\u00e1lida. Compruebe el formato del campo e int\u00e9ntelo de nuevo.\";\n\n  window.REQUIRED_ERROR_MESSAGE = \"Este campo no puede quedarse vac\u00edo. \";\n\n  window.GENERIC_INVALID_MESSAGE = \"La informaci\u00f3n que ha proporcionado no es v\u00e1lida. Compruebe el formato del campo e int\u00e9ntelo de nuevo.\";\n\n\n\n\n  window.translation = {\n    common: {\n      selectedList: '{quantity} lista seleccionada',\n      selectedLists: '{quantity} listas seleccionadas',\n      selectedOption: '{quantity} seleccionado',\n      selectedOptions: '{quantity} seleccionados',\n    }\n  };\n\n  var AUTOHIDE = Boolean(0);\n<\/script>\n\n<script defer src=\"https:\/\/sibforms.com\/forms\/end-form\/build\/main.js\"><\/script>\n\n\n<!-- END - We recommend to place the above code in footer or bottom of your website html  -->\n<!-- End Brevo Form -->\t\t\t\t<\/div>\n\t\t\t\t<\/div>\n\t\t\t\t\t<\/div>\n\t\t<\/div>\n\t\t\t\t\t<\/div>\n\t\t<\/section>\n\t\t\t\t<\/div>\n\t\t","protected":false},"excerpt":{"rendered":"<p>Say hello! Tell us your idea and we will contact you as soon as possible. Whether you are interested in our Graffiti Team Building or our Mural Painting and Professional Graffiti services, it will be a pleasure to help you decorate spaces or create unforgettable events. No hemos podido validar su suscripci\u00f3n. Se ha realizado [&hellip;]<\/p>\n","protected":false},"author":1,"featured_media":0,"parent":0,"menu_order":0,"comment_status":"closed","ping_status":"closed","template":"","meta":{"site-sidebar-layout":"default","site-content-layout":"","ast-site-content-layout":"","site-content-style":"default","site-sidebar-style":"default","ast-global-header-display":"","ast-banner-title-visibility":"","ast-main-header-display":"","ast-hfb-above-header-display":"","ast-hfb-below-header-display":"","ast-hfb-mobile-header-display":"","site-post-title":"","ast-breadcrumbs-content":"","ast-featured-img":"","footer-sml-layout":"","theme-transparent-header-meta":"","adv-header-id-meta":"","stick-header-meta":"","header-above-stick-meta":"","header-main-stick-meta":"","header-below-stick-meta":"","astra-migrate-meta-layouts":"set","ast-page-background-enabled":"default","ast-page-background-meta":{"desktop":{"background-color":"var(--ast-global-color-4)","background-image":"","background-repeat":"repeat","background-position":"center center","background-size":"auto","background-attachment":"scroll","background-type":"","background-media":"","overlay-type":"","overlay-color":"","overlay-opacity":"","overlay-gradient":""},"tablet":{"background-color":"","background-image":"","background-repeat":"repeat","background-position":"center center","background-size":"auto","background-attachment":"scroll","background-type":"","background-media":"","overlay-type":"","overlay-color":"","overlay-opacity":"","overlay-gradient":""},"mobile":{"background-color":"","background-image":"","background-repeat":"repeat","background-position":"center center","background-size":"auto","background-attachment":"scroll","background-type":"","background-media":"","overlay-type":"","overlay-color":"","overlay-opacity":"","overlay-gradient":""}},"ast-content-background-meta":{"desktop":{"background-color":"var(--ast-global-color-5)","background-image":"","background-repeat":"repeat","background-position":"center center","background-size":"auto","background-attachment":"scroll","background-type":"","background-media":"","overlay-type":"","overlay-color":"","overlay-opacity":"","overlay-gradient":""},"tablet":{"background-color":"var(--ast-global-color-5)","background-image":"","background-repeat":"repeat","background-position":"center center","background-size":"auto","background-attachment":"scroll","background-type":"","background-media":"","overlay-type":"","overlay-color":"","overlay-opacity":"","overlay-gradient":""},"mobile":{"background-color":"var(--ast-global-color-5)","background-image":"","background-repeat":"repeat","background-position":"center center","background-size":"auto","background-attachment":"scroll","background-type":"","background-media":"","overlay-type":"","overlay-color":"","overlay-opacity":"","overlay-gradient":""}},"_joinchat":[],"footnotes":""},"class_list":["post-6134","page","type-page","status-publish","hentry"],"yoast_head":"<!-- This site is optimized with the Yoast SEO plugin v26.5 - https:\/\/yoast.com\/wordpress\/plugins\/seo\/ -->\n<title>Contact - Pintalis<\/title>\n<meta name=\"robots\" content=\"index, follow, max-snippet:-1, max-image-preview:large, max-video-preview:-1\" \/>\n<link rel=\"canonical\" href=\"https:\/\/pintalis.com\/en\/contact\/\" \/>\n<meta property=\"og:locale\" content=\"en_US\" \/>\n<meta property=\"og:type\" content=\"article\" \/>\n<meta property=\"og:title\" content=\"Contact - Pintalis\" \/>\n<meta property=\"og:description\" content=\"Say hello! Tell us your idea and we will contact you as soon as possible. Whether you are interested in our Graffiti Team Building or our Mural Painting and Professional Graffiti services, it will be a pleasure to help you decorate spaces or create unforgettable events. No hemos podido validar su suscripci\u00f3n. Se ha realizado [&hellip;]\" \/>\n<meta property=\"og:url\" content=\"https:\/\/pintalis.com\/en\/contact\/\" \/>\n<meta property=\"og:site_name\" content=\"Pintalis\" \/>\n<meta property=\"article:publisher\" content=\"https:\/\/www.facebook.com\/pintalis.es\/\" \/>\n<meta property=\"article:modified_time\" content=\"2026-02-23T09:54:42+00:00\" \/>\n<meta property=\"og:image\" content=\"https:\/\/pintalis.com\/wp-content\/uploads\/2024\/11\/pintalis-artists-team-scaled.jpg\" \/>\n\t<meta property=\"og:image:width\" content=\"2560\" \/>\n\t<meta property=\"og:image:height\" content=\"2560\" \/>\n\t<meta property=\"og:image:type\" content=\"image\/jpeg\" \/>\n<meta name=\"twitter:card\" content=\"summary_large_image\" \/>\n<meta name=\"twitter:label1\" content=\"Est. reading time\" \/>\n\t<meta name=\"twitter:data1\" content=\"1 minute\" \/>\n<!-- \/ Yoast SEO plugin. -->","yoast_head_json":{"title":"Contact - Pintalis","robots":{"index":"index","follow":"follow","max-snippet":"max-snippet:-1","max-image-preview":"max-image-preview:large","max-video-preview":"max-video-preview:-1"},"canonical":"https:\/\/pintalis.com\/en\/contact\/","og_locale":"en_US","og_type":"article","og_title":"Contact - Pintalis","og_description":"Say hello! Tell us your idea and we will contact you as soon as possible. Whether you are interested in our Graffiti Team Building or our Mural Painting and Professional Graffiti services, it will be a pleasure to help you decorate spaces or create unforgettable events. No hemos podido validar su suscripci\u00f3n. Se ha realizado [&hellip;]","og_url":"https:\/\/pintalis.com\/en\/contact\/","og_site_name":"Pintalis","article_publisher":"https:\/\/www.facebook.com\/pintalis.es\/","article_modified_time":"2026-02-23T09:54:42+00:00","og_image":[{"width":2560,"height":2560,"url":"https:\/\/pintalis.com\/wp-content\/uploads\/2024\/11\/pintalis-artists-team-scaled.jpg","type":"image\/jpeg"}],"twitter_card":"summary_large_image","twitter_misc":{"Est. reading time":"1 minute"},"schema":{"@context":"https:\/\/schema.org","@graph":[{"@type":"WebPage","@id":"https:\/\/pintalis.com\/en\/contact\/","url":"https:\/\/pintalis.com\/en\/contact\/","name":"Contact - Pintalis","isPartOf":{"@id":"https:\/\/pintalis.com\/en\/#website"},"primaryImageOfPage":{"@id":"https:\/\/pintalis.com\/en\/contact\/#primaryimage"},"image":{"@id":"https:\/\/pintalis.com\/en\/contact\/#primaryimage"},"thumbnailUrl":"https:\/\/pintalis.com\/wp-content\/uploads\/2024\/11\/pintalis-artists-team-1024x1024.jpg","datePublished":"2023-07-31T15:44:05+00:00","dateModified":"2026-02-23T09:54:42+00:00","breadcrumb":{"@id":"https:\/\/pintalis.com\/en\/contact\/#breadcrumb"},"inLanguage":"en-US","potentialAction":[{"@type":"ReadAction","target":["https:\/\/pintalis.com\/en\/contact\/"]}]},{"@type":"ImageObject","inLanguage":"en-US","@id":"https:\/\/pintalis.com\/en\/contact\/#primaryimage","url":"https:\/\/pintalis.com\/wp-content\/uploads\/2024\/11\/pintalis-artists-team-1024x1024.jpg","contentUrl":"https:\/\/pintalis.com\/wp-content\/uploads\/2024\/11\/pintalis-artists-team-1024x1024.jpg"},{"@type":"BreadcrumbList","@id":"https:\/\/pintalis.com\/en\/contact\/#breadcrumb","itemListElement":[{"@type":"ListItem","position":1,"name":"Portada","item":"https:\/\/pintalis.com\/en\/"},{"@type":"ListItem","position":2,"name":"Contact"}]},{"@type":"WebSite","@id":"https:\/\/pintalis.com\/en\/#website","url":"https:\/\/pintalis.com\/en\/","name":"Pintalis","description":"Arte para eventos y decoraci\u00f3n","publisher":{"@id":"https:\/\/pintalis.com\/en\/#organization"},"potentialAction":[{"@type":"SearchAction","target":{"@type":"EntryPoint","urlTemplate":"https:\/\/pintalis.com\/en\/?s={search_term_string}"},"query-input":{"@type":"PropertyValueSpecification","valueRequired":true,"valueName":"search_term_string"}}],"inLanguage":"en-US"},{"@type":"Organization","@id":"https:\/\/pintalis.com\/en\/#organization","name":"Pintalis","url":"https:\/\/pintalis.com\/en\/","logo":{"@type":"ImageObject","inLanguage":"en-US","@id":"https:\/\/pintalis.com\/en\/#\/schema\/logo\/image\/","url":"https:\/\/pintalis.com\/wp-content\/uploads\/2024\/04\/cropped-logo-pintalis_Mesa-de-trabajo-1-copia-3.png","contentUrl":"https:\/\/pintalis.com\/wp-content\/uploads\/2024\/04\/cropped-logo-pintalis_Mesa-de-trabajo-1-copia-3.png","width":2042,"height":680,"caption":"Pintalis"},"image":{"@id":"https:\/\/pintalis.com\/en\/#\/schema\/logo\/image\/"},"sameAs":["https:\/\/www.facebook.com\/pintalis.es\/","https:\/\/www.instagram.com\/pintalis.es\/"]}]}},"_links":{"self":[{"href":"https:\/\/pintalis.com\/en\/wp-json\/wp\/v2\/pages\/6134","targetHints":{"allow":["GET"]}}],"collection":[{"href":"https:\/\/pintalis.com\/en\/wp-json\/wp\/v2\/pages"}],"about":[{"href":"https:\/\/pintalis.com\/en\/wp-json\/wp\/v2\/types\/page"}],"author":[{"embeddable":true,"href":"https:\/\/pintalis.com\/en\/wp-json\/wp\/v2\/users\/1"}],"replies":[{"embeddable":true,"href":"https:\/\/pintalis.com\/en\/wp-json\/wp\/v2\/comments?post=6134"}],"version-history":[{"count":17,"href":"https:\/\/pintalis.com\/en\/wp-json\/wp\/v2\/pages\/6134\/revisions"}],"predecessor-version":[{"id":11480,"href":"https:\/\/pintalis.com\/en\/wp-json\/wp\/v2\/pages\/6134\/revisions\/11480"}],"wp:attachment":[{"href":"https:\/\/pintalis.com\/en\/wp-json\/wp\/v2\/media?parent=6134"}],"curies":[{"name":"wp","href":"https:\/\/api.w.org\/{rel}","templated":true}]}}