{"id":2552,"date":"2024-06-26T21:32:42","date_gmt":"2024-06-26T19:32:42","guid":{"rendered":"https:\/\/pintalis.com\/?post_type=product&#038;p=2552"},"modified":"2026-03-25T11:15:36","modified_gmt":"2026-03-25T10:15:36","slug":"team-building-de-pintar-totebags","status":"publish","type":"product","link":"https:\/\/pintalis.com\/en\/producto\/team-building-de-pintar-totebags\/","title":{"rendered":"Taller &#8220;Pinta tu tote&#8221;"},"content":{"rendered":"<div class=\"elementor-element elementor-element-9fd3c2a elementor-widget elementor-widget-text-editor\" data-id=\"9fd3c2a\" data-element_type=\"widget\" data-widget_type=\"text-editor.default\">\n<h2>Actividad de Team Building de pintura de tote bags<\/h2>\n<h3>El taller creativo de personalizar una tote bag consiste en pintar un dise\u00f1o personalizado guiados por 1 artista.<\/h3>\n<\/div>\n<p>Taller Corporativo de Pintura de Tote Bags con un artista profesional es la opci\u00f3n perfecta para fortalecer el esp\u00edritu de equipo y estimular la creatividad en el entorno laboral.<\/p>\n<div class=\"elementor-element elementor-element-e5cc3d2 elementor-widget elementor-widget-text-editor\" data-id=\"e5cc3d2\" data-element_type=\"widget\" data-widget_type=\"text-editor.default\">\n<div class=\"elementor-widget-container\">\n<div class=\"flex_column av_three_fifth flex_column_table_cell av-equal-height-column av-align-middle av-zero-column-padding avia-builder-el-19 el_after_av_one_fifth el_before_av_one_fifth \">\n<h2 class=\"p2\">\u00bfC\u00f3mo funciona el taller de pintura de tote bags en equipo?<\/h2>\n<ol>\n<li>Al contratar nuestro servicio, preparamos y enviamos la propuesta de dise\u00f1o personalizado para su aprobaci\u00f3n en 5-10 d\u00edas laborales tras recibir la paga y se\u00f1al. Si es necesario, se realizar\u00e1n los cambios oportunos para garantizar que os encante.<\/li>\n<li>El d\u00eda del taller nos presentamos en la ubicaci\u00f3n indicada 30\u2032 antes de la acci\u00f3n para preparar el set.<\/li>\n<li>Taller de pintura de tote bags.<br \/>\nEn este taller, tu equipo tendr\u00e1 la oportunidad de pintar un dise\u00f1o personalizado en su propia tote bag junto a un artista profesional. Aprender\u00e1n t\u00e9cnicas de pintura y dise\u00f1o mientras crean una pieza \u00fanica.<\/li>\n<\/ol>\n<section>\n<section>\n<h2 class=\"p2\">\u00bfQu\u00e9 materiales incluye el taller?<\/h2>\n<ul>\n<li><strong>Tote bag y pintura<\/strong>: Proporcionamos todas las herramientas y materiales necesarios, desde las tote bags de lona hasta las pinturas y pinceles de la mejor calidad.<\/li>\n<li><strong>Asesoramiento Personalizado<\/strong>: Nuestro artista invitado les brindar\u00e1 asesoramiento y t\u00e9cnicas personalizadas para que sus tote bags sean una obra de arte.<\/li>\n<li><strong>Ambiente Creativo<\/strong>: Disfrutar\u00e1n de un ambiente relajado y creativo, ideal para liberar tu imaginaci\u00f3n y explorar nuevas habilidades art\u00edsticas.<\/li>\n<\/ul>\n<h2>\u00bfD\u00f3nde se realizan los talleres de personalizar productos?<\/h2>\n<p>Realizamos el taller en las propias instalaciones de las empresas u organizaciones que quieren llevar a cabo el proyecto o en localizaciones alquiladas.<\/p>\n<h2 class=\"p2\">\u00bfQu\u00e9 infraestructura requiere la actividad?<\/h2>\n<p class=\"p2\">Esta actividad tan solo requiere un espacio de trabajo que disponga de:<\/p>\n<ul class=\"ul1\">\n<li class=\"li2\">1 o 2 mesas (\u00e1rea de trabajo) para la capacidad total de participantes.<\/li>\n<li class=\"li2\">Sillas (seg\u00fan participantes)<\/li>\n<li class=\"li2\">Mesa auxiliar.<\/li>\n<\/ul>\n<\/section>\n<\/section>\n<\/div>\n<\/div>\n<\/div>\n","protected":false},"excerpt":{"rendered":"<h3 class=\"p1\">Pintar\u00e9is tela. Literalmente. Y podr\u00e9is lucirla luego.<\/h3>\n<p>&nbsp;<\/p>\n","protected":false},"featured_media":11739,"comment_status":"closed","ping_status":"closed","template":"","meta":{"site-sidebar-layout":"default","site-content-layout":"default","ast-site-content-layout":"default","site-content-style":"default","site-sidebar-style":"default","ast-global-header-display":"","ast-banner-title-visibility":"","ast-main-header-display":"","ast-hfb-above-header-display":"","ast-hfb-below-header-display":"","ast-hfb-mobile-header-display":"","site-post-title":"","ast-breadcrumbs-content":"","ast-featured-img":"","footer-sml-layout":"","theme-transparent-header-meta":"default","adv-header-id-meta":"","stick-header-meta":"","header-above-stick-meta":"","header-main-stick-meta":"","header-below-stick-meta":"","astra-migrate-meta-layouts":"set","ast-page-background-enabled":"default","ast-page-background-meta":{"desktop":{"background-color":"var(--ast-global-color-4)","background-image":"","background-repeat":"repeat","background-position":"center center","background-size":"auto","background-attachment":"scroll","background-type":"","background-media":"","overlay-type":"","overlay-color":"","overlay-opacity":"","overlay-gradient":""},"tablet":{"background-color":"","background-image":"","background-repeat":"repeat","background-position":"center center","background-size":"auto","background-attachment":"scroll","background-type":"","background-media":"","overlay-type":"","overlay-color":"","overlay-opacity":"","overlay-gradient":""},"mobile":{"background-color":"","background-image":"","background-repeat":"repeat","background-position":"center center","background-size":"auto","background-attachment":"scroll","background-type":"","background-media":"","overlay-type":"","overlay-color":"","overlay-opacity":"","overlay-gradient":""}},"ast-content-background-meta":{"desktop":{"background-color":"var(--ast-global-color-5)","background-image":"","background-repeat":"repeat","background-position":"center center","background-size":"auto","background-attachment":"scroll","background-type":"","background-media":"","overlay-type":"","overlay-color":"","overlay-opacity":"","overlay-gradient":""},"tablet":{"background-color":"var(--ast-global-color-5)","background-image":"","background-repeat":"repeat","background-position":"center center","background-size":"auto","background-attachment":"scroll","background-type":"","background-media":"","overlay-type":"","overlay-color":"","overlay-opacity":"","overlay-gradient":""},"mobile":{"background-color":"var(--ast-global-color-5)","background-image":"","background-repeat":"repeat","background-position":"center center","background-size":"auto","background-attachment":"scroll","background-type":"","background-media":"","overlay-type":"","overlay-color":"","overlay-opacity":"","overlay-gradient":""}},"_joinchat":[]},"product_brand":[],"product_cat":[56],"product_tag":[],"class_list":{"0":"post-2552","1":"product","2":"type-product","3":"status-publish","4":"has-post-thumbnail","6":"product_cat-team-building-para-empresas","7":"product_shipping_class-servicio-a-domicilio","8":"yith_booking_service-aguas-recomendado","9":"yith_booking_service-alquiler-espacio","10":"yith_booking_service-aperitivo","11":"yith_booking_service-vino","12":"desktop-align-left","13":"tablet-align-left","14":"mobile-align-left","16":"first","17":"instock","18":"taxable","19":"shipping-taxable","20":"purchasable","21":"product-type-simple"},"group_of_quantity":0,"min_quantity":0,"max_quantity":1,"exclude_order_quantity_value_rules":"no","exclude_category_quantity_rules":"no","combine_variations":"no","exclude_global_add_ons":false,"addons":[{"name":"Indica el n\u00famero de participantes","type":"input_multiplier","position":0,"required":true,"title_format":"label","default":"","description_enable":false,"description":"","placeholder_enable":false,"placeholder":"","display":"select","restrictions_type":"any_text","adjust_price":true,"price":"40","price_type":"quantity_based","restrictions":false,"min":"0","max":"0","options":[],"id":1768296391},{"name":"Captura la experiencia en foto y v\u00eddeo","type":"checkbox","position":1,"required":false,"title_format":"label","default":"","description_enable":false,"description":"","placeholder_enable":false,"placeholder":"","display":"select","restrictions_type":"any_text","adjust_price":false,"price":"","price_type":"flat_fee","restrictions":false,"min":"0","max":"0","options":[{"label":"Fotograf\u00eda","price":"450","price_type":"flat_fee","image":0},{"label":"V\u00eddeo","price":"450","price_type":"flat_fee","image":0},{"label":"Foto + V\u00eddeo","price":"800","price_type":"flat_fee","image":0},{"label":"Reproducci\u00f3n 100x70cm (Req. Foto)","price":"50","price_type":"flat_fee","image":0}],"id":1768296392},{"name":"Adicionales","type":"checkbox","position":2,"required":false,"title_format":"label","default":"","description_enable":false,"description":"","placeholder_enable":false,"placeholder":"","display":"select","restrictions_type":"any_text","adjust_price":false,"price":"","price_type":"flat_fee","restrictions":false,"min":"0","max":"0","options":[{"label":"Nocturnidad, fin de semana o festivo","price":"150","price_type":"flat_fee","image":0}],"id":1768296393}],"yoast_head":"<!-- This site is optimized with the Yoast SEO plugin v26.5 - https:\/\/yoast.com\/wordpress\/plugins\/seo\/ -->\n<title>Taller &quot;Pinta tu tote&quot; - Pintalis<\/title>\n<meta name=\"description\" content=\"Taller de pintura de tote bags en equipo. Actividad de team building en la que tu equipo pintar\u00e1 un dise\u00f1o personalizado en una tote bag.\" \/>\n<meta name=\"robots\" content=\"noindex, follow\" \/>\n<meta property=\"og:locale\" content=\"en_US\" \/>\n<meta property=\"og:type\" content=\"article\" \/>\n<meta property=\"og:title\" content=\"Taller &quot;Pinta tu tote&quot; - Pintalis\" \/>\n<meta property=\"og:description\" content=\"Taller de pintura de tote bags en equipo. Actividad de team building en la que tu equipo pintar\u00e1 un dise\u00f1o personalizado en una tote bag.\" \/>\n<meta property=\"og:url\" content=\"https:\/\/pintalis.com\/servicios\/taller-tote-bag\/\" \/>\n<meta property=\"og:site_name\" content=\"Pintalis\" \/>\n<meta property=\"article:publisher\" content=\"https:\/\/www.facebook.com\/pintalis.es\/\" \/>\n<meta property=\"article:modified_time\" content=\"2026-03-25T10:15:36+00:00\" \/>\n<meta property=\"og:image\" content=\"https:\/\/pintalis.com\/wp-content\/uploads\/2024\/06\/taller-pintar-totebags-59-43-2.jpg\" \/>\n\t<meta property=\"og:image:width\" content=\"1536\" \/>\n\t<meta property=\"og:image:height\" content=\"2048\" \/>\n\t<meta property=\"og:image:type\" content=\"image\/jpeg\" \/>\n<meta name=\"twitter:card\" content=\"summary_large_image\" \/>\n<meta name=\"twitter:label1\" content=\"Est. reading time\" \/>\n\t<meta name=\"twitter:data1\" content=\"2 minutes\" \/>\n<!-- \/ Yoast SEO plugin. -->","yoast_head_json":{"title":"Taller \"Pinta tu tote\" - Pintalis","description":"Taller de pintura de tote bags en equipo. Actividad de team building en la que tu equipo pintar\u00e1 un dise\u00f1o personalizado en una tote bag.","robots":{"index":"noindex","follow":"follow"},"og_locale":"en_US","og_type":"article","og_title":"Taller \"Pinta tu tote\" - Pintalis","og_description":"Taller de pintura de tote bags en equipo. Actividad de team building en la que tu equipo pintar\u00e1 un dise\u00f1o personalizado en una tote bag.","og_url":"https:\/\/pintalis.com\/servicios\/taller-tote-bag\/","og_site_name":"Pintalis","article_publisher":"https:\/\/www.facebook.com\/pintalis.es\/","article_modified_time":"2026-03-25T10:15:36+00:00","og_image":[{"width":1536,"height":2048,"url":"https:\/\/pintalis.com\/wp-content\/uploads\/2024\/06\/taller-pintar-totebags-59-43-2.jpg","type":"image\/jpeg"}],"twitter_card":"summary_large_image","twitter_misc":{"Est. reading time":"2 minutes"},"schema":{"@context":"https:\/\/schema.org","@graph":[{"@type":"WebPage","@id":"https:\/\/pintalis.com\/en\/producto\/team-building-de-pintar-totebags\/","url":"https:\/\/pintalis.com\/servicios\/taller-tote-bag\/","name":"Taller \"Pinta tu tote\" - Pintalis","isPartOf":{"@id":"https:\/\/pintalis.com\/en\/#website"},"primaryImageOfPage":{"@id":"https:\/\/pintalis.com\/servicios\/taller-tote-bag\/#primaryimage"},"image":{"@id":"https:\/\/pintalis.com\/servicios\/taller-tote-bag\/#primaryimage"},"thumbnailUrl":"https:\/\/pintalis.com\/wp-content\/uploads\/2024\/06\/taller-pintar-totebags-59-43-2.jpg","datePublished":"2024-06-26T19:32:42+00:00","dateModified":"2026-03-25T10:15:36+00:00","description":"Taller de pintura de tote bags en equipo. Actividad de team building en la que tu equipo pintar\u00e1 un dise\u00f1o personalizado en una tote bag.","breadcrumb":{"@id":"https:\/\/pintalis.com\/servicios\/taller-tote-bag\/#breadcrumb"},"inLanguage":"en-US","potentialAction":[{"@type":"ReadAction","target":["https:\/\/pintalis.com\/servicios\/taller-tote-bag\/"]}]},{"@type":"ImageObject","inLanguage":"en-US","@id":"https:\/\/pintalis.com\/servicios\/taller-tote-bag\/#primaryimage","url":"https:\/\/pintalis.com\/wp-content\/uploads\/2024\/06\/taller-pintar-totebags-59-43-2.jpg","contentUrl":"https:\/\/pintalis.com\/wp-content\/uploads\/2024\/06\/taller-pintar-totebags-59-43-2.jpg","width":1536,"height":2048},{"@type":"BreadcrumbList","@id":"https:\/\/pintalis.com\/servicios\/taller-tote-bag\/#breadcrumb","itemListElement":[{"@type":"ListItem","position":1,"name":"Portada","item":"https:\/\/pintalis.com\/en\/"},{"@type":"ListItem","position":2,"name":"Shop","item":"https:\/\/pintalis.com\/en\/shop\/"},{"@type":"ListItem","position":3,"name":"Taller \u00abPinta tu tote\u00bb"}]},{"@type":"WebSite","@id":"https:\/\/pintalis.com\/en\/#website","url":"https:\/\/pintalis.com\/en\/","name":"Pintalis","description":"Arte para eventos y decoraci\u00f3n","publisher":{"@id":"https:\/\/pintalis.com\/en\/#organization"},"potentialAction":[{"@type":"SearchAction","target":{"@type":"EntryPoint","urlTemplate":"https:\/\/pintalis.com\/en\/?s={search_term_string}"},"query-input":{"@type":"PropertyValueSpecification","valueRequired":true,"valueName":"search_term_string"}}],"inLanguage":"en-US"},{"@type":"Organization","@id":"https:\/\/pintalis.com\/en\/#organization","name":"Pintalis","url":"https:\/\/pintalis.com\/en\/","logo":{"@type":"ImageObject","inLanguage":"en-US","@id":"https:\/\/pintalis.com\/en\/#\/schema\/logo\/image\/","url":"https:\/\/pintalis.com\/wp-content\/uploads\/2024\/04\/cropped-logo-pintalis_Mesa-de-trabajo-1-copia-3.png","contentUrl":"https:\/\/pintalis.com\/wp-content\/uploads\/2024\/04\/cropped-logo-pintalis_Mesa-de-trabajo-1-copia-3.png","width":2042,"height":680,"caption":"Pintalis"},"image":{"@id":"https:\/\/pintalis.com\/en\/#\/schema\/logo\/image\/"},"sameAs":["https:\/\/www.facebook.com\/pintalis.es\/","https:\/\/www.instagram.com\/pintalis.es\/"]}]}},"_links":{"self":[{"href":"https:\/\/pintalis.com\/en\/wp-json\/wp\/v2\/product\/2552","targetHints":{"allow":["GET"]}}],"collection":[{"href":"https:\/\/pintalis.com\/en\/wp-json\/wp\/v2\/product"}],"about":[{"href":"https:\/\/pintalis.com\/en\/wp-json\/wp\/v2\/types\/product"}],"replies":[{"embeddable":true,"href":"https:\/\/pintalis.com\/en\/wp-json\/wp\/v2\/comments?post=2552"}],"version-history":[{"count":2,"href":"https:\/\/pintalis.com\/en\/wp-json\/wp\/v2\/product\/2552\/revisions"}],"predecessor-version":[{"id":10547,"href":"https:\/\/pintalis.com\/en\/wp-json\/wp\/v2\/product\/2552\/revisions\/10547"}],"wp:featuredmedia":[{"embeddable":true,"href":"https:\/\/pintalis.com\/en\/wp-json\/wp\/v2\/media\/11739"}],"wp:attachment":[{"href":"https:\/\/pintalis.com\/en\/wp-json\/wp\/v2\/media?parent=2552"}],"wp:term":[{"taxonomy":"product_brand","embeddable":true,"href":"https:\/\/pintalis.com\/en\/wp-json\/wp\/v2\/product_brand?post=2552"},{"taxonomy":"product_cat","embeddable":true,"href":"https:\/\/pintalis.com\/en\/wp-json\/wp\/v2\/product_cat?post=2552"},{"taxonomy":"product_tag","embeddable":true,"href":"https:\/\/pintalis.com\/en\/wp-json\/wp\/v2\/product_tag?post=2552"}],"curies":[{"name":"wp","href":"https:\/\/api.w.org\/{rel}","templated":true}]}}