{"id":343,"date":"2023-11-02T18:19:35","date_gmt":"2023-11-02T17:19:35","guid":{"rendered":"https:\/\/pintalis.com\/?post_type=product&#038;p=343"},"modified":"2026-03-31T14:02:16","modified_gmt":"2026-03-31T12:02:16","slug":"pintura-en-vivo","status":"publish","type":"product","link":"https:\/\/pintalis.com\/en\/producto\/pintura-en-vivo\/","title":{"rendered":"Pintura en vivo"},"content":{"rendered":"<div class=\"elementor-element elementor-element-fb1536a elementor-widget elementor-widget-text-editor\" data-id=\"fb1536a\" data-element_type=\"widget\" data-widget_type=\"text-editor.default\">\n<div class=\"elementor-widget-container\">\n<h2><strong>Ofrece una performance art\u00edstica<\/strong><\/h2>\n<\/div>\n<\/div>\n<div class=\"elementor-element elementor-element-bb0aaf0 elementor-widget elementor-widget-text-editor\" data-id=\"bb0aaf0\" data-element_type=\"widget\" data-widget_type=\"text-editor.default\">\n<div class=\"elementor-widget-container\">\n<p>Ofrece el espect\u00e1culo de ver a un artista pintar en directo en tu evento. Puedes elegir un dise\u00f1o espec\u00edfico o tem\u00e1tica para que se adapte a tu evento. Al final, se obtiene una obra de arte \u00fanica como recuerdo duradero. El Live painting es una forma original y cautivadora de agregar valor art\u00edstico a cualquier ocasi\u00f3n. El mejor marketing es una experiencia inolvidable.<\/p>\n<\/div>\n<h2>Pintura en vivo para eventos<\/h2>\n<p>Ofrece una experiencia inolvidable en tu evento ya sea una fiesta, boda, congresos, aniversarios, activaciones, campa\u00f1as, lanzamientos, presentaciones\u2026.<\/p>\n<p>Presenciar una intervenci\u00f3n art\u00edstica es disfrutar de la destreza y el proceso creativo de un artista, su enfrentamiento al lienzo en blanco y como lo convierte en una obra de arte. Adem\u00e1s, la obra forma parte de la <strong>decoraci\u00f3n de eventos y fiestas<\/strong>.<\/p>\n<p>Reserva a un <strong>artista para pintar en directo<\/strong> una obra de arte y regala una vivencia \u00fanica para tus invitados.<\/p>\n<h3><strong>Din\u00e1mica del Live Painting<\/strong><\/h3>\n<ol>\n<li>Preparamos y enviamos la propuesta de dise\u00f1o personalizado para su aprobaci\u00f3n en 5-10 d\u00edas laborales tras recibir la paga y se\u00f1al.<br \/>\nSi es necesario, se realizar\u00e1n los cambios oportunos para garantizar que os encante.<\/li>\n<li>El d\u00eda del evento nos presentamos en la ubicaci\u00f3n indicada 30\u2032 antes de la acci\u00f3n para preparar el set.<\/li>\n<li>Protegemos el suelo y montamos la <a href=\"https:\/\/dase.es\/comprar\/mtn-puzzl6\/\" target=\"_blank\" rel=\"noopener\">pared modular<\/a>\u00a0(Opcional).<\/li>\n<li>Pintamos mural en directo.<\/li>\n<li>Al terminar, recogemos el cubresuelos, las protecciones y la pintura.<\/li>\n<\/ol>\n<h3><strong>\u00bfQu\u00e9 incluye la pintura en vivo?<\/strong><\/h3>\n<ol>\n<li>La creaci\u00f3n de una obra pict\u00f3rica por un artista in situ durante tu evento.<\/li>\n<li>Materiales necesarios para pintar (no soporte):<br \/>\nP<span style=\"font-family: -apple-system, BlinkMacSystemFont, 'Segoe UI', Roboto, Oxygen-Sans, Ubuntu, Cantarell, 'Helvetica Neue', sans-serif;\">intura vegana sin olor, con base agua (sin disolventes t\u00f3xicos ni metales pesados), de proximidad (fabricada en Espa\u00f1a) y con envases reciclables.<\/span><\/li>\n<li>Coste de desplazamiento (se calculan autom\u00e1ticamente en el siguiente paso de la contrataci\u00f3n, al indicar la direcci\u00f3n del evento).<\/li>\n<\/ol>\n<h3><strong>Materiales incluidos en la actividad<\/strong><\/h3>\n<ul>\n<li>Cubresuelos<\/li>\n<li>Aerosoles de pintura sin olor con base agua (sin disolvente, plomo ni otros metales pesados), vegana y fabricada en Espa\u00f1a con envases reciclables.<\/li>\n<li>Difusores o boquillas reciclables fabricados en Espa\u00f1a<\/li>\n<li>Guantes<\/li>\n<li>Mascarilla<\/li>\n<\/ul>\n<p><strong>No incluye soporte.<\/strong><\/p>\n<h3>\u00bfSobre qu\u00e9 soportes se puede pintar?<\/h3>\n<p>Para el servicio de Live Painting recomendamos usar <a href=\"https:\/\/pintalis.com\/servicios\/cubos-para-pintar\/\" target=\"_blank\" rel=\"noopener\">paredes modulares<\/a> de 2,4&#215;2,4m. formadas por 9 cubos de cart\u00f3n blanco de 80x80x80cm.<\/p>\n<p>Este tipo de paredes son concebidas como un soporte ef\u00edmero, pueden utilizarse para exposici\u00f3n temporal.<\/p>\n<p>De todos modos, es posible pintar en casi cualquier superficie (lonas, lienzos, tableros de madera, paredes, etc.).<\/p>\n<\/div>\n","protected":false},"excerpt":{"rendered":"<h4>Ofrece el espect\u00e1culo de ver a un artista pintar en directo en tu evento.<\/h4>\n<p>&nbsp;<\/p>\n<p>Duraci\u00f3n: 2 horas<\/p>\n","protected":false},"featured_media":5950,"comment_status":"open","ping_status":"closed","template":"","meta":{"site-sidebar-layout":"default","site-content-layout":"default","ast-site-content-layout":"default","site-content-style":"default","site-sidebar-style":"default","ast-global-header-display":"","ast-banner-title-visibility":"","ast-main-header-display":"","ast-hfb-above-header-display":"","ast-hfb-below-header-display":"","ast-hfb-mobile-header-display":"","site-post-title":"","ast-breadcrumbs-content":"","ast-featured-img":"","footer-sml-layout":"","theme-transparent-header-meta":"default","adv-header-id-meta":"","stick-header-meta":"","header-above-stick-meta":"","header-main-stick-meta":"","header-below-stick-meta":"","astra-migrate-meta-layouts":"set","ast-page-background-enabled":"default","ast-page-background-meta":{"desktop":{"background-color":"var(--ast-global-color-4)","background-image":"","background-repeat":"repeat","background-position":"center center","background-size":"auto","background-attachment":"scroll","background-type":"","background-media":"","overlay-type":"","overlay-color":"","overlay-opacity":"","overlay-gradient":""},"tablet":{"background-color":"","background-image":"","background-repeat":"repeat","background-position":"center center","background-size":"auto","background-attachment":"scroll","background-type":"","background-media":"","overlay-type":"","overlay-color":"","overlay-opacity":"","overlay-gradient":""},"mobile":{"background-color":"","background-image":"","background-repeat":"repeat","background-position":"center center","background-size":"auto","background-attachment":"scroll","background-type":"","background-media":"","overlay-type":"","overlay-color":"","overlay-opacity":"","overlay-gradient":""}},"ast-content-background-meta":{"desktop":{"background-color":"var(--ast-global-color-5)","background-image":"","background-repeat":"repeat","background-position":"center center","background-size":"auto","background-attachment":"scroll","background-type":"","background-media":"","overlay-type":"","overlay-color":"","overlay-opacity":"","overlay-gradient":""},"tablet":{"background-color":"var(--ast-global-color-5)","background-image":"","background-repeat":"repeat","background-position":"center center","background-size":"auto","background-attachment":"scroll","background-type":"","background-media":"","overlay-type":"","overlay-color":"","overlay-opacity":"","overlay-gradient":""},"mobile":{"background-color":"var(--ast-global-color-5)","background-image":"","background-repeat":"repeat","background-position":"center center","background-size":"auto","background-attachment":"scroll","background-type":"","background-media":"","overlay-type":"","overlay-color":"","overlay-opacity":"","overlay-gradient":""}},"_joinchat":[]},"product_brand":[],"product_cat":[71,70],"product_tag":[72],"class_list":{"0":"post-343","1":"product","2":"type-product","3":"status-publish","4":"has-post-thumbnail","6":"product_cat-ilustradores-para-eventos","7":"product_cat-pintores-para-bodas","8":"product_tag-espectaculos","9":"product_shipping_class-servicio-a-domicilio","10":"desktop-align-left","11":"tablet-align-left","12":"mobile-align-left","14":"first","15":"instock","16":"taxable","17":"shipping-taxable","18":"purchasable","19":"product-type-simple"},"group_of_quantity":0,"min_quantity":0,"max_quantity":"","exclude_order_quantity_value_rules":"no","exclude_category_quantity_rules":"no","combine_variations":"no","exclude_global_add_ons":false,"addons":[{"name":"Dise\u00f1o personalizado","type":"multiple_choice","position":0,"required":true,"title_format":"label","default":"","description_enable":true,"description":"\u00bfCu\u00e1ntas propuestas quieres recibir?","placeholder_enable":false,"placeholder":"","display":"radiobutton","restrictions_type":"any_text","adjust_price":false,"price":"","price_type":"flat_fee","restrictions":false,"min":"0","max":"0","options":[{"label":"Ninguna (Ya tengo dise\u00f1o)","price":"","price_type":"flat_fee","image":0},{"label":"Hasta 3 propuestas","price":"225","price_type":"flat_fee","image":0},{"label":"Hasta 6 propuestas","price":"300","price_type":"flat_fee","image":0},{"label":"Hasta 9 propuestas","price":"325","price_type":"flat_fee","image":0}],"id":1737482941},{"name":"Soporte para pintar","type":"multiple_choice","position":1,"required":false,"title_format":"label","default":"","description_enable":true,"description":"","placeholder_enable":false,"placeholder":"","display":"images","restrictions_type":"any_text","adjust_price":false,"price":"","price_type":"flat_fee","restrictions":false,"min":"0","max":"0","options":[{"label":"Soporte de 2,4x2,4m (9 cubos)","price":"250","price_type":"flat_fee","image":5944},{"label":"Lienzo de 1x0,80m","price":"200","price_type":"flat_fee","image":5961},{"label":"Lienzo de 1,9x1,3m","price":"500","price_type":"flat_fee","image":5963}],"id":1737482942},{"name":"A\u00f1ade foto o v\u00eddeo:","type":"checkbox","position":2,"required":false,"title_format":"label","default":"","description_enable":false,"description":"","placeholder_enable":false,"placeholder":"","display":"select","restrictions_type":"any_text","adjust_price":false,"price":"","price_type":"flat_fee","restrictions":false,"min":"0","max":"0","options":[{"label":"Fotograf\u00eda","price":"450","price_type":"flat_fee","image":0},{"label":"V\u00eddeo (Timelapse)","price":"450","price_type":"flat_fee","image":0},{"label":"Combo: Foto + Timelapse","price":"800","price_type":"flat_fee","image":0}],"id":1738144582},{"name":"Comentarios","type":"custom_textarea","position":3,"required":false,"title_format":"label","default":"","description_enable":false,"description":"Hasta 5 propuestas de dise\u00f1o.","placeholder_enable":false,"placeholder":"","display":"select","restrictions_type":"any_text","adjust_price":true,"price":"","price_type":"flat_fee","restrictions":true,"min":"0","max":"280","options":[],"id":1737482943}],"yoast_head":"<!-- This site is optimized with the Yoast SEO plugin v26.5 - https:\/\/yoast.com\/wordpress\/plugins\/seo\/ -->\n<title>Pintura en vivo - Pintalis<\/title>\n<meta name=\"robots\" content=\"noindex, follow\" \/>\n<meta property=\"og:locale\" content=\"en_US\" \/>\n<meta property=\"og:type\" content=\"article\" \/>\n<meta property=\"og:title\" content=\"Pintura en vivo - Pintalis\" \/>\n<meta property=\"og:description\" content=\"Ofrece el espect\u00e1culo de ver a un artista pintar en directo en tu evento. &nbsp;  Duraci\u00f3n: 2 horas\" \/>\n<meta property=\"og:url\" content=\"https:\/\/pintalis.com\/en\/producto\/pintura-en-vivo\/\" \/>\n<meta property=\"og:site_name\" content=\"Pintalis\" \/>\n<meta property=\"article:publisher\" content=\"https:\/\/www.facebook.com\/pintalis.es\/\" \/>\n<meta property=\"article:modified_time\" content=\"2026-03-31T12:02:16+00:00\" \/>\n<meta property=\"og:image\" content=\"https:\/\/pintalis.com\/wp-content\/uploads\/2024\/07\/live-painting-pintura-en-directo-en-vivo-evento-boda-1.jpg\" \/>\n\t<meta property=\"og:image:width\" content=\"1144\" \/>\n\t<meta property=\"og:image:height\" content=\"1144\" \/>\n\t<meta property=\"og:image:type\" content=\"image\/jpeg\" \/>\n<meta name=\"twitter:card\" content=\"summary_large_image\" \/>\n<meta name=\"twitter:label1\" content=\"Est. reading time\" \/>\n\t<meta name=\"twitter:data1\" content=\"3 minutes\" \/>\n<!-- \/ Yoast SEO plugin. -->","yoast_head_json":{"title":"Pintura en vivo - Pintalis","robots":{"index":"noindex","follow":"follow"},"og_locale":"en_US","og_type":"article","og_title":"Pintura en vivo - Pintalis","og_description":"Ofrece el espect\u00e1culo de ver a un artista pintar en directo en tu evento. &nbsp;  Duraci\u00f3n: 2 horas","og_url":"https:\/\/pintalis.com\/en\/producto\/pintura-en-vivo\/","og_site_name":"Pintalis","article_publisher":"https:\/\/www.facebook.com\/pintalis.es\/","article_modified_time":"2026-03-31T12:02:16+00:00","og_image":[{"width":1144,"height":1144,"url":"https:\/\/pintalis.com\/wp-content\/uploads\/2024\/07\/live-painting-pintura-en-directo-en-vivo-evento-boda-1.jpg","type":"image\/jpeg"}],"twitter_card":"summary_large_image","twitter_misc":{"Est. reading time":"3 minutes"},"schema":{"@context":"https:\/\/schema.org","@graph":[{"@type":"WebPage","@id":"https:\/\/pintalis.com\/en\/producto\/pintura-en-vivo\/","url":"https:\/\/pintalis.com\/en\/producto\/pintura-en-vivo\/","name":"Pintura en vivo - Pintalis","isPartOf":{"@id":"https:\/\/pintalis.com\/en\/#website"},"primaryImageOfPage":{"@id":"https:\/\/pintalis.com\/en\/producto\/pintura-en-vivo\/#primaryimage"},"image":{"@id":"https:\/\/pintalis.com\/en\/producto\/pintura-en-vivo\/#primaryimage"},"thumbnailUrl":"https:\/\/pintalis.com\/wp-content\/uploads\/2024\/07\/live-painting-pintura-en-directo-en-vivo-evento-boda-1.jpg","datePublished":"2023-11-02T17:19:35+00:00","dateModified":"2026-03-31T12:02:16+00:00","breadcrumb":{"@id":"https:\/\/pintalis.com\/en\/producto\/pintura-en-vivo\/#breadcrumb"},"inLanguage":"en-US","potentialAction":[{"@type":"ReadAction","target":["https:\/\/pintalis.com\/en\/producto\/pintura-en-vivo\/"]}]},{"@type":"ImageObject","inLanguage":"en-US","@id":"https:\/\/pintalis.com\/en\/producto\/pintura-en-vivo\/#primaryimage","url":"https:\/\/pintalis.com\/wp-content\/uploads\/2024\/07\/live-painting-pintura-en-directo-en-vivo-evento-boda-1.jpg","contentUrl":"https:\/\/pintalis.com\/wp-content\/uploads\/2024\/07\/live-painting-pintura-en-directo-en-vivo-evento-boda-1.jpg","width":1144,"height":1144,"caption":"Screenshot"},{"@type":"BreadcrumbList","@id":"https:\/\/pintalis.com\/en\/producto\/pintura-en-vivo\/#breadcrumb","itemListElement":[{"@type":"ListItem","position":1,"name":"Portada","item":"https:\/\/pintalis.com\/en\/"},{"@type":"ListItem","position":2,"name":"Shop","item":"https:\/\/pintalis.com\/en\/shop\/"},{"@type":"ListItem","position":3,"name":"Pintura en vivo"}]},{"@type":"WebSite","@id":"https:\/\/pintalis.com\/en\/#website","url":"https:\/\/pintalis.com\/en\/","name":"Pintalis","description":"Arte para eventos y decoraci\u00f3n","publisher":{"@id":"https:\/\/pintalis.com\/en\/#organization"},"potentialAction":[{"@type":"SearchAction","target":{"@type":"EntryPoint","urlTemplate":"https:\/\/pintalis.com\/en\/?s={search_term_string}"},"query-input":{"@type":"PropertyValueSpecification","valueRequired":true,"valueName":"search_term_string"}}],"inLanguage":"en-US"},{"@type":"Organization","@id":"https:\/\/pintalis.com\/en\/#organization","name":"Pintalis","url":"https:\/\/pintalis.com\/en\/","logo":{"@type":"ImageObject","inLanguage":"en-US","@id":"https:\/\/pintalis.com\/en\/#\/schema\/logo\/image\/","url":"https:\/\/pintalis.com\/wp-content\/uploads\/2024\/04\/cropped-logo-pintalis_Mesa-de-trabajo-1-copia-3.png","contentUrl":"https:\/\/pintalis.com\/wp-content\/uploads\/2024\/04\/cropped-logo-pintalis_Mesa-de-trabajo-1-copia-3.png","width":2042,"height":680,"caption":"Pintalis"},"image":{"@id":"https:\/\/pintalis.com\/en\/#\/schema\/logo\/image\/"},"sameAs":["https:\/\/www.facebook.com\/pintalis.es\/","https:\/\/www.instagram.com\/pintalis.es\/"]}]}},"_links":{"self":[{"href":"https:\/\/pintalis.com\/en\/wp-json\/wp\/v2\/product\/343","targetHints":{"allow":["GET"]}}],"collection":[{"href":"https:\/\/pintalis.com\/en\/wp-json\/wp\/v2\/product"}],"about":[{"href":"https:\/\/pintalis.com\/en\/wp-json\/wp\/v2\/types\/product"}],"replies":[{"embeddable":true,"href":"https:\/\/pintalis.com\/en\/wp-json\/wp\/v2\/comments?post=343"}],"version-history":[{"count":1,"href":"https:\/\/pintalis.com\/en\/wp-json\/wp\/v2\/product\/343\/revisions"}],"predecessor-version":[{"id":10526,"href":"https:\/\/pintalis.com\/en\/wp-json\/wp\/v2\/product\/343\/revisions\/10526"}],"wp:featuredmedia":[{"embeddable":true,"href":"https:\/\/pintalis.com\/en\/wp-json\/wp\/v2\/media\/5950"}],"wp:attachment":[{"href":"https:\/\/pintalis.com\/en\/wp-json\/wp\/v2\/media?parent=343"}],"wp:term":[{"taxonomy":"product_brand","embeddable":true,"href":"https:\/\/pintalis.com\/en\/wp-json\/wp\/v2\/product_brand?post=343"},{"taxonomy":"product_cat","embeddable":true,"href":"https:\/\/pintalis.com\/en\/wp-json\/wp\/v2\/product_cat?post=343"},{"taxonomy":"product_tag","embeddable":true,"href":"https:\/\/pintalis.com\/en\/wp-json\/wp\/v2\/product_tag?post=343"}],"curies":[{"name":"wp","href":"https:\/\/api.w.org\/{rel}","templated":true}]}}