{"id":6009,"date":"2025-01-22T10:12:09","date_gmt":"2025-01-22T09:12:09","guid":{"rendered":"https:\/\/pintalis.com\/?post_type=product&#038;p=6009"},"modified":"2026-03-25T10:54:49","modified_gmt":"2026-03-25T09:54:49","slug":"team-building-mural-puzzle","status":"publish","type":"product","link":"https:\/\/pintalis.com\/en\/producto\/team-building-mural-puzzle\/","title":{"rendered":"Team Building Mural Puzzle"},"content":{"rendered":"<p>\u00bfTe imaginas trabajar con tu equipo para dar vida a un mural \u00fanico que luego deben montar como un rompecabezas? Nuestra actividad combina arte, estrategia y trabajo en equipo en una experiencia inolvidable. Cada participante aporta su creatividad para formar parte de un resultado colectivo: un mural que esconde el logo de la marca.<\/p>\n<h2>\u00bfC\u00f3mo funciona?<\/h2>\n<ul>\n<li>Un\/a artista profesional prepara la pared con cubos de cart\u00f3n blancos, marcando el dise\u00f1o en cada uno y numerando las \u00e1reas a pintar.<\/li>\n<li>Los cubos se separan y se colocan con las caras marcadas hacia arriba.<\/li>\n<li>Se forman equipos de 4 personas, y cada grupo pinta una pieza siguiendo las indicaciones del dise\u00f1o.<\/li>\n<li>Una vez pintadas las piezas, los equipos trabajan juntos para montar el mural como si fuera un puzzle, descubriendo la obra final.<\/li>\n<\/ul>\n<h2><strong>\u00bfQu\u00e9 incluye?<\/strong><\/h2>\n<ul>\n<li><strong>Materiales art\u00edsticos:<\/strong> pintura de alta calidad, pinceles y todo lo necesario para pintar.<\/li>\n<li><strong>Cubos de cart\u00f3n Puzzle:<\/strong> ideales para un montaje y desmontaje sencillo.<\/li>\n<li><strong>Protecci\u00f3n del espacio:<\/strong> cubresuelos para mantener el \u00e1rea limpia.<\/li>\n<li><strong>Acompa\u00f1amiento profesional:<\/strong> un artista guiar\u00e1 el proceso creativo y asegurar\u00e1 que el dise\u00f1o final sea espectacular.<\/li>\n<\/ul>\n","protected":false},"excerpt":{"rendered":"<h3>Pinta tu mural: Una obra colectiva en formato puzzle.<\/h3>\n<p>&nbsp;<\/p>\n","protected":false},"featured_media":11733,"comment_status":"open","ping_status":"closed","template":"","meta":{"site-sidebar-layout":"default","site-content-layout":"default","ast-site-content-layout":"default","site-content-style":"default","site-sidebar-style":"default","ast-global-header-display":"","ast-banner-title-visibility":"","ast-main-header-display":"","ast-hfb-above-header-display":"","ast-hfb-below-header-display":"","ast-hfb-mobile-header-display":"","site-post-title":"","ast-breadcrumbs-content":"","ast-featured-img":"","footer-sml-layout":"","theme-transparent-header-meta":"disabled","adv-header-id-meta":"","stick-header-meta":"","header-above-stick-meta":"","header-main-stick-meta":"","header-below-stick-meta":"","astra-migrate-meta-layouts":"set","ast-page-background-enabled":"default","ast-page-background-meta":{"desktop":{"background-color":"var(--ast-global-color-4)","background-image":"","background-repeat":"repeat","background-position":"center center","background-size":"auto","background-attachment":"scroll","background-type":"","background-media":"","overlay-type":"","overlay-color":"","overlay-opacity":"","overlay-gradient":""},"tablet":{"background-color":"","background-image":"","background-repeat":"repeat","background-position":"center center","background-size":"auto","background-attachment":"scroll","background-type":"","background-media":"","overlay-type":"","overlay-color":"","overlay-opacity":"","overlay-gradient":""},"mobile":{"background-color":"","background-image":"","background-repeat":"repeat","background-position":"center center","background-size":"auto","background-attachment":"scroll","background-type":"","background-media":"","overlay-type":"","overlay-color":"","overlay-opacity":"","overlay-gradient":""}},"ast-content-background-meta":{"desktop":{"background-color":"var(--ast-global-color-5)","background-image":"","background-repeat":"repeat","background-position":"center center","background-size":"auto","background-attachment":"scroll","background-type":"","background-media":"","overlay-type":"","overlay-color":"","overlay-opacity":"","overlay-gradient":""},"tablet":{"background-color":"var(--ast-global-color-5)","background-image":"","background-repeat":"repeat","background-position":"center center","background-size":"auto","background-attachment":"scroll","background-type":"","background-media":"","overlay-type":"","overlay-color":"","overlay-opacity":"","overlay-gradient":""},"mobile":{"background-color":"var(--ast-global-color-5)","background-image":"","background-repeat":"repeat","background-position":"center center","background-size":"auto","background-attachment":"scroll","background-type":"","background-media":"","overlay-type":"","overlay-color":"","overlay-opacity":"","overlay-gradient":""}},"_joinchat":[]},"product_brand":[],"product_cat":[56],"product_tag":[],"class_list":{"0":"post-6009","1":"product","2":"type-product","3":"status-publish","4":"has-post-thumbnail","6":"product_cat-team-building-para-empresas","7":"product_shipping_class-servicio-a-domicilio","8":"yith_booking_service-aguas-recomendado","9":"yith_booking_service-aperitivo","10":"yith_booking_service-vino","11":"desktop-align-left","12":"tablet-align-left","13":"mobile-align-left","15":"first","16":"instock","17":"taxable","18":"shipping-taxable","19":"purchasable","20":"product-type-simple"},"group_of_quantity":0,"min_quantity":0,"max_quantity":"","exclude_order_quantity_value_rules":"no","exclude_category_quantity_rules":"no","combine_variations":"no","exclude_global_add_ons":false,"addons":[{"name":"Indica el n\u00famero de participantes","type":"input_multiplier","position":0,"required":true,"title_format":"label","default":"","description_enable":false,"description":"","placeholder_enable":false,"placeholder":"","display":"select","restrictions_type":"any_text","adjust_price":true,"price":"60","price_type":"quantity_based","restrictions":true,"min":"12","max":"0","options":[],"id":1768237565},{"name":"Captura la experiencia en foto y v\u00eddeo","type":"checkbox","position":1,"required":false,"title_format":"label","default":"","description_enable":false,"description":"","placeholder_enable":false,"placeholder":"","display":"select","restrictions_type":"any_text","adjust_price":false,"price":"","price_type":"flat_fee","restrictions":false,"min":"0","max":"0","options":[{"label":"Fotograf\u00eda","price":"450","price_type":"flat_fee","image":0},{"label":"V\u00eddeo (Timelapse)","price":"450","price_type":"flat_fee","image":0},{"label":"Combo: Foto + Timelapse","price":"800","price_type":"flat_fee","image":0},{"label":"Reproducci\u00f3n 100x70cm (Req. Foto)","price":"50","price_type":"flat_fee","image":0}],"id":1768237566},{"name":"Adicionales","type":"checkbox","position":2,"required":false,"title_format":"label","default":"","description_enable":false,"description":"","placeholder_enable":false,"placeholder":"","display":"select","restrictions_type":"any_text","adjust_price":false,"price":"","price_type":"flat_fee","restrictions":false,"min":"0","max":"0","options":[{"label":"Nocturnidad o festivo","price":"150","price_type":"flat_fee","image":0},{"label":"Env\u00edo mismo d\u00eda \/ Transporte exclusivo (Por defecto, todo el material se entrega a pie de calle aprox 48h antes)","price":"400","price_type":"flat_fee","image":0},{"label":"Desmontaje y retirada \/ Transporte exclusivo (En el caso de no querer quedarse con el mural pintado)","price":"400","price_type":"flat_fee","image":0}],"id":1768237567}],"yoast_head":"<!-- This site is optimized with the Yoast SEO plugin v26.5 - https:\/\/yoast.com\/wordpress\/plugins\/seo\/ -->\n<title>Team Building Mural Puzzle - Pintalis<\/title>\n<meta name=\"description\" content=\"Team Building Mural Puzzle en Barcelona, Madrid, Valencia y toda Espa\u00f1a. Inspira a tu equipo pintando un mural en formato puzzle.\" \/>\n<meta name=\"robots\" content=\"noindex, nofollow\" \/>\n<meta property=\"og:locale\" content=\"en_US\" \/>\n<meta property=\"og:type\" content=\"article\" \/>\n<meta property=\"og:title\" content=\"Team Building Mural Puzzle - Pintalis\" \/>\n<meta property=\"og:description\" content=\"Team Building Mural Puzzle en Barcelona, Madrid, Valencia y toda Espa\u00f1a. Inspira a tu equipo pintando un mural en formato puzzle.\" \/>\n<meta property=\"og:url\" content=\"https:\/\/pintalis.com\/en\/producto\/team-building-mural-puzzle\/\" \/>\n<meta property=\"og:site_name\" content=\"Pintalis\" \/>\n<meta property=\"article:publisher\" content=\"https:\/\/www.facebook.com\/pintalis.es\/\" \/>\n<meta property=\"article:modified_time\" content=\"2026-03-25T09:54:49+00:00\" \/>\n<meta property=\"og:image\" content=\"https:\/\/pintalis.com\/wp-content\/uploads\/2025\/01\/freepik__a-group-of-ten-office-workers-are-building-a-modul__26543.png\" \/>\n\t<meta property=\"og:image:width\" content=\"1024\" \/>\n\t<meta property=\"og:image:height\" content=\"1024\" \/>\n\t<meta property=\"og:image:type\" content=\"image\/png\" \/>\n<meta name=\"twitter:card\" content=\"summary_large_image\" \/>\n<meta name=\"twitter:label1\" content=\"Est. reading time\" \/>\n\t<meta name=\"twitter:data1\" content=\"2 minutes\" \/>\n<!-- \/ Yoast SEO plugin. -->","yoast_head_json":{"title":"Team Building Mural Puzzle - Pintalis","description":"Team Building Mural Puzzle en Barcelona, Madrid, Valencia y toda Espa\u00f1a. Inspira a tu equipo pintando un mural en formato puzzle.","robots":{"index":"noindex","follow":"nofollow"},"og_locale":"en_US","og_type":"article","og_title":"Team Building Mural Puzzle - Pintalis","og_description":"Team Building Mural Puzzle en Barcelona, Madrid, Valencia y toda Espa\u00f1a. Inspira a tu equipo pintando un mural en formato puzzle.","og_url":"https:\/\/pintalis.com\/en\/producto\/team-building-mural-puzzle\/","og_site_name":"Pintalis","article_publisher":"https:\/\/www.facebook.com\/pintalis.es\/","article_modified_time":"2026-03-25T09:54:49+00:00","og_image":[{"width":1024,"height":1024,"url":"https:\/\/pintalis.com\/wp-content\/uploads\/2025\/01\/freepik__a-group-of-ten-office-workers-are-building-a-modul__26543.png","type":"image\/png"}],"twitter_card":"summary_large_image","twitter_misc":{"Est. reading time":"2 minutes"},"schema":{"@context":"https:\/\/schema.org","@graph":[{"@type":"WebPage","@id":"https:\/\/pintalis.com\/en\/producto\/team-building-mural-puzzle\/","url":"https:\/\/pintalis.com\/en\/producto\/team-building-mural-puzzle\/","name":"Team Building Mural Puzzle - Pintalis","isPartOf":{"@id":"https:\/\/pintalis.com\/en\/#website"},"primaryImageOfPage":{"@id":"https:\/\/pintalis.com\/en\/producto\/team-building-mural-puzzle\/#primaryimage"},"image":{"@id":"https:\/\/pintalis.com\/en\/producto\/team-building-mural-puzzle\/#primaryimage"},"thumbnailUrl":"https:\/\/pintalis.com\/wp-content\/uploads\/2025\/01\/freepik__a-group-of-ten-office-workers-are-building-a-modul__26543.png","datePublished":"2025-01-22T09:12:09+00:00","dateModified":"2026-03-25T09:54:49+00:00","description":"Team Building Mural Puzzle en Barcelona, Madrid, Valencia y toda Espa\u00f1a. Inspira a tu equipo pintando un mural en formato puzzle.","breadcrumb":{"@id":"https:\/\/pintalis.com\/en\/producto\/team-building-mural-puzzle\/#breadcrumb"},"inLanguage":"en-US","potentialAction":[{"@type":"ReadAction","target":["https:\/\/pintalis.com\/en\/producto\/team-building-mural-puzzle\/"]}]},{"@type":"ImageObject","inLanguage":"en-US","@id":"https:\/\/pintalis.com\/en\/producto\/team-building-mural-puzzle\/#primaryimage","url":"https:\/\/pintalis.com\/wp-content\/uploads\/2025\/01\/freepik__a-group-of-ten-office-workers-are-building-a-modul__26543.png","contentUrl":"https:\/\/pintalis.com\/wp-content\/uploads\/2025\/01\/freepik__a-group-of-ten-office-workers-are-building-a-modul__26543.png","width":1024,"height":1024},{"@type":"BreadcrumbList","@id":"https:\/\/pintalis.com\/en\/producto\/team-building-mural-puzzle\/#breadcrumb","itemListElement":[{"@type":"ListItem","position":1,"name":"Portada","item":"https:\/\/pintalis.com\/en\/"},{"@type":"ListItem","position":2,"name":"Shop","item":"https:\/\/pintalis.com\/en\/shop\/"},{"@type":"ListItem","position":3,"name":"Team Building Mural Puzzle"}]},{"@type":"WebSite","@id":"https:\/\/pintalis.com\/en\/#website","url":"https:\/\/pintalis.com\/en\/","name":"Pintalis","description":"Arte para eventos y decoraci\u00f3n","publisher":{"@id":"https:\/\/pintalis.com\/en\/#organization"},"potentialAction":[{"@type":"SearchAction","target":{"@type":"EntryPoint","urlTemplate":"https:\/\/pintalis.com\/en\/?s={search_term_string}"},"query-input":{"@type":"PropertyValueSpecification","valueRequired":true,"valueName":"search_term_string"}}],"inLanguage":"en-US"},{"@type":"Organization","@id":"https:\/\/pintalis.com\/en\/#organization","name":"Pintalis","url":"https:\/\/pintalis.com\/en\/","logo":{"@type":"ImageObject","inLanguage":"en-US","@id":"https:\/\/pintalis.com\/en\/#\/schema\/logo\/image\/","url":"https:\/\/pintalis.com\/wp-content\/uploads\/2024\/04\/cropped-logo-pintalis_Mesa-de-trabajo-1-copia-3.png","contentUrl":"https:\/\/pintalis.com\/wp-content\/uploads\/2024\/04\/cropped-logo-pintalis_Mesa-de-trabajo-1-copia-3.png","width":2042,"height":680,"caption":"Pintalis"},"image":{"@id":"https:\/\/pintalis.com\/en\/#\/schema\/logo\/image\/"},"sameAs":["https:\/\/www.facebook.com\/pintalis.es\/","https:\/\/www.instagram.com\/pintalis.es\/"]}]}},"_links":{"self":[{"href":"https:\/\/pintalis.com\/en\/wp-json\/wp\/v2\/product\/6009","targetHints":{"allow":["GET"]}}],"collection":[{"href":"https:\/\/pintalis.com\/en\/wp-json\/wp\/v2\/product"}],"about":[{"href":"https:\/\/pintalis.com\/en\/wp-json\/wp\/v2\/types\/product"}],"replies":[{"embeddable":true,"href":"https:\/\/pintalis.com\/en\/wp-json\/wp\/v2\/comments?post=6009"}],"version-history":[{"count":1,"href":"https:\/\/pintalis.com\/en\/wp-json\/wp\/v2\/product\/6009\/revisions"}],"predecessor-version":[{"id":10544,"href":"https:\/\/pintalis.com\/en\/wp-json\/wp\/v2\/product\/6009\/revisions\/10544"}],"wp:featuredmedia":[{"embeddable":true,"href":"https:\/\/pintalis.com\/en\/wp-json\/wp\/v2\/media\/11733"}],"wp:attachment":[{"href":"https:\/\/pintalis.com\/en\/wp-json\/wp\/v2\/media?parent=6009"}],"wp:term":[{"taxonomy":"product_brand","embeddable":true,"href":"https:\/\/pintalis.com\/en\/wp-json\/wp\/v2\/product_brand?post=6009"},{"taxonomy":"product_cat","embeddable":true,"href":"https:\/\/pintalis.com\/en\/wp-json\/wp\/v2\/product_cat?post=6009"},{"taxonomy":"product_tag","embeddable":true,"href":"https:\/\/pintalis.com\/en\/wp-json\/wp\/v2\/product_tag?post=6009"}],"curies":[{"name":"wp","href":"https:\/\/api.w.org\/{rel}","templated":true}]}}